{"id":2222,"date":"2020-10-09T22:06:40","date_gmt":"2020-10-09T20:06:40","guid":{"rendered":"https:\/\/www.musokai.fi\/httpdocs\/WP\/?page_id=2222"},"modified":"2023-04-21T14:57:38","modified_gmt":"2023-04-21T12:57:38","slug":"aimakujan-salin-tilavaraukset","status":"publish","type":"page","link":"https:\/\/www.musokai.fi\/httpdocs\/WP\/?page_id=2222","title":{"rendered":"\u00c4im\u00e4kujan salin tilavaraukset"},"content":{"rendered":"<p>Seuran sali on yhteisess\u00e4 k\u00e4yt\u00f6ss\u00e4 Ju-Jutsu Oulun kanssa. Harjoitusvuorot on jaettu seurojen kesken alla olevan aikataulun mukaisesti. Omatoiminen harjoittelu varattujen vuorojen ulkopuolella on sallittua avaimen haltijan valvonnassa.<\/p>\n<p><img loading=\"lazy\" decoding=\"async\" src=\"https:\/\/www.musokai.fi\/httpdocs\/WP\/wp-content\/uploads\/2020\/10\/aikataulu-musokai-1213x1024.png\" alt=\"\" width=\"750\" height=\"633\" class=\"alignnone size-large wp-image-2232\" srcset=\"https:\/\/www.musokai.fi\/httpdocs\/WP\/wp-content\/uploads\/2020\/10\/aikataulu-musokai-1213x1024.png 1213w, https:\/\/www.musokai.fi\/httpdocs\/WP\/wp-content\/uploads\/2020\/10\/aikataulu-musokai-569x480.png 569w, https:\/\/www.musokai.fi\/httpdocs\/WP\/wp-content\/uploads\/2020\/10\/aikataulu-musokai-768x648.png 768w, https:\/\/www.musokai.fi\/httpdocs\/WP\/wp-content\/uploads\/2020\/10\/aikataulu-musokai-1536x1296.png 1536w, https:\/\/www.musokai.fi\/httpdocs\/WP\/wp-content\/uploads\/2020\/10\/aikataulu-musokai-2048x1729.png 2048w\" sizes=\"auto, (max-width: 750px) 100vw, 750px\" \/><\/p>\n<h2>Poikkeavat varaukset<\/h2>\n<p>Sali on varattu normaalista poikkeavia tapahtumia varten alla olevina ajankohtina. Sali ei siis ole seuran j\u00e4senten k\u00e4ytett\u00e4viss\u00e4 kyseisin\u00e4 aikoina.<\/p>\n<dl id=\"club-legend\"><\/dl>\n","protected":false},"excerpt":{"rendered":"<p>Seuran sali on yhteisess\u00e4 k\u00e4yt\u00f6ss\u00e4 Ju-Jutsu Oulun kanssa. Harjoitusvuorot on jaettu seurojen kesken alla olevan aikataulun mukaisesti. Omatoiminen harjoittelu varattujen vuorojen ulkopuolella on sallittua avaimen haltijan valvonnassa. Poikkeavat varaukset Sali on varattu normaalista poikkeavia tapahtumia varten alla olevina ajankohtina. Sali ei siis ole seuran j\u00e4senten k\u00e4ytett\u00e4viss\u00e4 kyseisin\u00e4 aikoina.<\/p>\n","protected":false},"author":1,"featured_media":0,"parent":0,"menu_order":0,"comment_status":"closed","ping_status":"closed","template":"","meta":{"ngg_post_thumbnail":0,"footnotes":""},"class_list":["post-2222","page","type-page","status-publish","hentry"],"_links":{"self":[{"href":"https:\/\/www.musokai.fi\/httpdocs\/WP\/index.php?rest_route=\/wp\/v2\/pages\/2222","targetHints":{"allow":["GET"]}}],"collection":[{"href":"https:\/\/www.musokai.fi\/httpdocs\/WP\/index.php?rest_route=\/wp\/v2\/pages"}],"about":[{"href":"https:\/\/www.musokai.fi\/httpdocs\/WP\/index.php?rest_route=\/wp\/v2\/types\/page"}],"author":[{"embeddable":true,"href":"https:\/\/www.musokai.fi\/httpdocs\/WP\/index.php?rest_route=\/wp\/v2\/users\/1"}],"replies":[{"embeddable":true,"href":"https:\/\/www.musokai.fi\/httpdocs\/WP\/index.php?rest_route=%2Fwp%2Fv2%2Fcomments&post=2222"}],"version-history":[{"count":7,"href":"https:\/\/www.musokai.fi\/httpdocs\/WP\/index.php?rest_route=\/wp\/v2\/pages\/2222\/revisions"}],"predecessor-version":[{"id":2597,"href":"https:\/\/www.musokai.fi\/httpdocs\/WP\/index.php?rest_route=\/wp\/v2\/pages\/2222\/revisions\/2597"}],"wp:attachment":[{"href":"https:\/\/www.musokai.fi\/httpdocs\/WP\/index.php?rest_route=%2Fwp%2Fv2%2Fmedia&parent=2222"}],"curies":[{"name":"wp","href":"https:\/\/api.w.org\/{rel}","templated":true}]}}