{"id":2242,"date":"2021-01-02T20:10:16","date_gmt":"2021-01-02T18:10:16","guid":{"rendered":"https:\/\/www.musokai.fi\/httpdocs\/WP\/?page_id=2242"},"modified":"2024-09-26T21:39:52","modified_gmt":"2024-09-26T19:39:52","slug":"kisaryhma","status":"publish","type":"page","link":"https:\/\/www.musokai.fi\/httpdocs\/WP\/?page_id=2242","title":{"rendered":"Kisaryhm\u00e4"},"content":{"rendered":"\n<figure class=\"wp-block-image size-large\"><img loading=\"lazy\" decoding=\"async\" width=\"1280\" height=\"960\" src=\"https:\/\/www.musokai.fi\/httpdocs\/WP\/wp-content\/uploads\/2021\/01\/IMG_20200208_171607-1280x960.jpg\" alt=\"\" class=\"wp-image-2243\" srcset=\"https:\/\/www.musokai.fi\/httpdocs\/WP\/wp-content\/uploads\/2021\/01\/IMG_20200208_171607-1280x960.jpg 1280w, https:\/\/www.musokai.fi\/httpdocs\/WP\/wp-content\/uploads\/2021\/01\/IMG_20200208_171607-640x480.jpg 640w, https:\/\/www.musokai.fi\/httpdocs\/WP\/wp-content\/uploads\/2021\/01\/IMG_20200208_171607-768x576.jpg 768w, https:\/\/www.musokai.fi\/httpdocs\/WP\/wp-content\/uploads\/2021\/01\/IMG_20200208_171607-1536x1152.jpg 1536w, https:\/\/www.musokai.fi\/httpdocs\/WP\/wp-content\/uploads\/2021\/01\/IMG_20200208_171607-2048x1536.jpg 2048w\" sizes=\"auto, (max-width: 1280px) 100vw, 1280px\" \/><\/figure>\n\n\n<p>Karateseura Musokai kisaryhm\u00e4 on nopeasti noussut juniorikaratessa Suomen k\u00e4rkikastiin. Kilpailijat osallistuvat aktiivisesti kisoihin sek\u00e4 kotimaassa ett\u00e4 ulkomailla ja menestyst\u00e4 on tullut niin otteluissa (kumite) kuin liikesarjoissa (kata). Kilpailijoitamme on my\u00f6s valittu Suomen maajoukkueen haastajaryhmiin.&nbsp;<\/p>\n<p><img loading=\"lazy\" decoding=\"async\" src=\"https:\/\/www.musokai.fi\/httpdocs\/WP\/wp-content\/uploads\/2021\/01\/IMG_20201003_102632-scaled-e1609610615390-1280x1012.jpg\" alt=\"\" width=\"750\" height=\"593\" class=\"alignnone wp-image-2248 size-large\" srcset=\"https:\/\/www.musokai.fi\/httpdocs\/WP\/wp-content\/uploads\/2021\/01\/IMG_20201003_102632-scaled-e1609610615390-1280x1012.jpg 1280w, https:\/\/www.musokai.fi\/httpdocs\/WP\/wp-content\/uploads\/2021\/01\/IMG_20201003_102632-scaled-e1609610615390-607x480.jpg 607w, https:\/\/www.musokai.fi\/httpdocs\/WP\/wp-content\/uploads\/2021\/01\/IMG_20201003_102632-scaled-e1609610615390-768x607.jpg 768w, https:\/\/www.musokai.fi\/httpdocs\/WP\/wp-content\/uploads\/2021\/01\/IMG_20201003_102632-scaled-e1609610615390-1536x1214.jpg 1536w, https:\/\/www.musokai.fi\/httpdocs\/WP\/wp-content\/uploads\/2021\/01\/IMG_20201003_102632-scaled-e1609610615390.jpg 1651w\" sizes=\"auto, (max-width: 750px) 100vw, 750px\" \/><\/p>\n<p><span>Kisaryhm\u00e4 koostuu t\u00e4ll\u00e4 hetkell\u00e4 10-17 vuotiaista tyt\u00f6ist\u00e4 ja pojista. Ryhm\u00e4n vaatimukset ovat reipas urheilumieli, sitoutuminen harjoituksiin 3-4 krt\/vko sek\u00e4 halu kilpailla katassa ja kumitessa. Kilparyhm\u00e4n harjoitukset ovat monipuolisia, liikunnallisia ja kattavat niin perustekniikan kuin vapaamman ottelun.<\/span><\/p>\n<p><img loading=\"lazy\" decoding=\"async\" src=\"https:\/\/www.musokai.fi\/httpdocs\/WP\/wp-content\/uploads\/2021\/01\/IMG_20201003_104139-scaled-e1609610799532-1280x790.jpg\" alt=\"\" width=\"750\" height=\"463\" class=\"alignnone size-large wp-image-2249\" srcset=\"https:\/\/www.musokai.fi\/httpdocs\/WP\/wp-content\/uploads\/2021\/01\/IMG_20201003_104139-scaled-e1609610799532-1280x790.jpg 1280w, https:\/\/www.musokai.fi\/httpdocs\/WP\/wp-content\/uploads\/2021\/01\/IMG_20201003_104139-scaled-e1609610799532-640x395.jpg 640w, https:\/\/www.musokai.fi\/httpdocs\/WP\/wp-content\/uploads\/2021\/01\/IMG_20201003_104139-scaled-e1609610799532-768x474.jpg 768w, https:\/\/www.musokai.fi\/httpdocs\/WP\/wp-content\/uploads\/2021\/01\/IMG_20201003_104139-scaled-e1609610799532-1536x948.jpg 1536w, https:\/\/www.musokai.fi\/httpdocs\/WP\/wp-content\/uploads\/2021\/01\/IMG_20201003_104139-scaled-e1609610799532.jpg 1772w\" sizes=\"auto, (max-width: 750px) 100vw, 750px\" \/><\/p>\n<p>Kisaryhm\u00e4n toimintaan otetaan mukaan lis\u00e4\u00e4 junioreita. Mik\u00e4li kiinnostuit, ole <a href=\"https:\/\/www.musokai.fi\/httpdocs\/WP\/\">yhteydess\u00e4 seuraan<\/a>.<\/p>\n<p><a href=\"https:\/\/karateliitto.fi\/fi\/olympiakarate\/\">Karaten ottelumuodoista voit lukea tarkemmin Suomen karateliiton sivuilta.<\/a><\/p>","protected":false},"excerpt":{"rendered":"<p>Karateseura Musokai kisaryhm\u00e4 on nopeasti noussut juniorikaratessa Suomen k\u00e4rkikastiin. Kilpailijat osallistuvat aktiivisesti kisoihin sek\u00e4 kotimaassa ett\u00e4 ulkomailla ja menestyst\u00e4 on tullut niin otteluissa (kumite) kuin liikesarjoissa (kata). Kilpailijoitamme on my\u00f6s valittu Suomen maajoukkueen haastajaryhmiin.&nbsp; Kisaryhm\u00e4 koostuu t\u00e4ll\u00e4 hetkell\u00e4 10-17 vuotiaista tyt\u00f6ist\u00e4 ja pojista. Ryhm\u00e4n vaatimukset ovat reipas urheilumieli, sitoutuminen harjoituksiin [&hellip;]<\/p>\n","protected":false},"author":1,"featured_media":0,"parent":2,"menu_order":0,"comment_status":"closed","ping_status":"closed","template":"","meta":{"ngg_post_thumbnail":0,"footnotes":""},"class_list":["post-2242","page","type-page","status-publish","hentry"],"_links":{"self":[{"href":"https:\/\/www.musokai.fi\/httpdocs\/WP\/index.php?rest_route=\/wp\/v2\/pages\/2242","targetHints":{"allow":["GET"]}}],"collection":[{"href":"https:\/\/www.musokai.fi\/httpdocs\/WP\/index.php?rest_route=\/wp\/v2\/pages"}],"about":[{"href":"https:\/\/www.musokai.fi\/httpdocs\/WP\/index.php?rest_route=\/wp\/v2\/types\/page"}],"author":[{"embeddable":true,"href":"https:\/\/www.musokai.fi\/httpdocs\/WP\/index.php?rest_route=\/wp\/v2\/users\/1"}],"replies":[{"embeddable":true,"href":"https:\/\/www.musokai.fi\/httpdocs\/WP\/index.php?rest_route=%2Fwp%2Fv2%2Fcomments&post=2242"}],"version-history":[{"count":10,"href":"https:\/\/www.musokai.fi\/httpdocs\/WP\/index.php?rest_route=\/wp\/v2\/pages\/2242\/revisions"}],"predecessor-version":[{"id":2965,"href":"https:\/\/www.musokai.fi\/httpdocs\/WP\/index.php?rest_route=\/wp\/v2\/pages\/2242\/revisions\/2965"}],"up":[{"embeddable":true,"href":"https:\/\/www.musokai.fi\/httpdocs\/WP\/index.php?rest_route=\/wp\/v2\/pages\/2"}],"wp:attachment":[{"href":"https:\/\/www.musokai.fi\/httpdocs\/WP\/index.php?rest_route=%2Fwp%2Fv2%2Fmedia&parent=2242"}],"curies":[{"name":"wp","href":"https:\/\/api.w.org\/{rel}","templated":true}]}}