{"id":237,"date":"2014-02-04T09:58:54","date_gmt":"2014-02-04T07:58:54","guid":{"rendered":"http:\/\/musokai.fi\/httpdocs\/WP\/?page_id=237"},"modified":"2024-09-19T18:47:31","modified_gmt":"2024-09-19T16:47:31","slug":"vyokokeet","status":"publish","type":"page","link":"https:\/\/www.musokai.fi\/httpdocs\/WP\/?page_id=237","title":{"rendered":"Vy\u00f6kokeet"},"content":{"rendered":"<p><strong>Vy\u00f6kokeet<\/strong><\/p>\n<p style=\"text-align: left;\"><b><a href=\"https:\/\/musokai.fi\/httpdocs\/WP\/wp-content\/uploads\/2014\/02\/vy\u00f6.jpg\"><img loading=\"lazy\" decoding=\"async\" class=\"wp-image-238 alignleft\" src=\"https:\/\/musokai.fi\/httpdocs\/WP\/wp-content\/uploads\/2014\/02\/vy\u00f6.jpg\" alt=\"vy\u00f6\" width=\"337\" height=\"178\"><\/a> <\/b><\/p>\n<p style=\"text-align: left;\"><b>Yleist\u00e4 vy\u00f6kokeista: <\/b>Vy\u00f6kokeeseen harjoittelijan tarvitsee saada aina kirjallinen lupa opettajalta ennen vy\u00f6kokeeseen p\u00e4\u00e4sy\u00e4. Kun harjoitusmerkint\u00f6jen m\u00e4\u00e4r\u00e4 alkaa l\u00e4hesty\u00e4 sit\u00e4 harjoittelum\u00e4\u00e4r\u00e4vaatimusta, jota seuraavaan vy\u00f6- tai natsa-arvoon vaaditaan, juniorin kannattaa k\u00e4yd\u00e4 juttelemassa oman opettajan kanssa siit\u00e4, millaiset mahdollisuudet olisi p\u00e4\u00e4st\u00e4 seuraavaan vy\u00f6kokeeseen. N\u00e4in junioriohjaajalla on mahdollisuus tarvittaessa jopa useammankin treenin aikana katsella juniorin edistymist\u00e4 ja yritt\u00e4mist\u00e4 ja jutella sen perustella, mit\u00e4 seuraavaan vy\u00f6arvotasoon tarvitaan ja kuinka realistista jo seuraavaan vy\u00f6kokeeseen t\u00e4ht\u00e4\u00e4minen on, vai kannattaisiko sittenkin odottaa seuraavaan mahdollisuuteen. Jokainen edistyy omalla vauhdillaan &#8211; kenenk\u00e4\u00e4n muun harjoittelijan vy\u00f6n v\u00e4rin tummumista ei kannata pit\u00e4\u00e4 omien tavoitteiden asettamisen m\u00e4\u00e4r\u00e4\u00e4v\u00e4n\u00e4 tekij\u00e4n\u00e4.<br \/>\nPeruskurssilaisien osalta vy\u00f6koelupa ei tarvitse erikseen anoa vaan opettaja arvioi kurssin lopuksi kaikki vy\u00f6kokeen suorittajat. Peruskurssin vy\u00f6kokeessa arvioidaan harjoittelijan fyysinen taitotaso sek\u00e4 henkinen valmius siirty\u00e4 harjoittelemaan jo pitemp\u00e4\u00e4n harjoitelleiden kanssa yhdess\u00e4.<\/p>\n<h5><b>Vy\u00f6koelupa<\/b><\/h5>\n<p>Juniori voi hakea opettajalta lupaa osallistua vy\u00f6- tai natsakokeeseen, kun minimiharjoitusm\u00e4\u00e4r\u00e4 on t\u00e4yttynyt. T\u00e4t\u00e4 aiemmin lupia ei voi kysell\u00e4 eik\u00e4 vy\u00f6koelupaa my\u00f6nnet\u00e4. Miniharjoitusm\u00e4\u00e4r\u00e4n t\u00e4yttyminen ei automaattisesti merkitse vy\u00f6koelupaa vaan opettaja aina ensin tarkastaa osaamisen tason ennen vy\u00f6koeluvan antamista. Jos taitotaso ei ole viel\u00e4 riitt\u00e4v\u00e4, niin opettaja kertoo ja ohjeistaa mit\u00e4 osa-alueita pit\u00e4\u00e4 viel\u00e4 harjoitella, jotta vy\u00f6kokeeseen p\u00e4\u00e4see. Junioreiden tulee sen my\u00f6t\u00e4 tiedustella vy\u00f6koelupaa opettajaltaan henkil\u00f6kohtaisesti. Luvan kysyminen on osa vy\u00f6koevalmiuden osoittamista ja kertoo itsevarmuudesta, jota pienelt\u00e4 karatekalta t\u00e4ss\u00e4 vaiheessa jo odotetaan.<\/p>\n<p>Lupaa kannattaa tulla kysym\u00e4\u00e4n harjoituksen alussa. Vy\u00f6koelupa voidaan antaa, jos opettaja on sit\u00e4 mielt\u00e4, ett\u00e4 juniori on tehnyt kovasti t\u00f6it\u00e4, yritt\u00e4nyt harjoituksissa parhaansa ja osoittanut kehittymist\u00e4 edellisen kokeen j\u00e4lkeen<\/p>\n<h5><b>Vy\u00f6kokeeseen valmistautuminen<\/b><\/h5>\n<p>V\u00e4himm\u00e4isharjoitusm\u00e4\u00e4r\u00e4t l\u00f6ytyv\u00e4t junioripassista, ja vaadittavat tekniikat l\u00f6ytyv\u00e4t t\u00e4\u00e4lt\u00e4: <a href=\"https:\/\/www.musokai.fi\/httpdocs\/WP\/wp-content\/uploads\/2023\/11\/Kokusai-Shorinjiryu-karatedo-juniorien-vyokoevaatimukset.pdf\"><\/a><\/p>\n<p><a href=\"https:\/\/www.musokai.fi\/httpdocs\/WP\/wp-content\/uploads\/2023\/11\/Kokusai-Shorinjiryu-karatedo-juniorien-vyokoevaatimukset.pdf\">Kokusai Shorinjiryu karatedo &#8211; juniorien vy\u00f6koevaatimukset.pdf<\/a><\/p>\n<p>Aikusten vy\u00f6kokeissa vaadittavat tekniikat l\u00f6ytyv\u00e4t t\u00e4\u00e4lt\u00e4:<\/p>\n<p><a href=\"https:\/\/www.musokai.fi\/httpdocs\/WP\/wp-content\/uploads\/2023\/11\/Shokyudan-shinsa.pdf\">Shokyudan shinsa &#8211; aikuisten vy\u00f6koevaatimukset.pdf<\/a><\/p>\n<p>Harjoitusm\u00e4\u00e4rien t\u00e4yttyminen ei takaa vy\u00f6koelupaa, vaan vaadittavat tekniikat ja asennot on osattava. Ennen vy\u00f6koetta harjoittelun tulee olla yht\u00e4jaksoista, ja harjoittelun laatuun tulee kiinnitt\u00e4\u00e4 huomiota. Ohjatut leikit kuuluvat junioriryhmiss\u00e4 harjoittelemiseen, mutta tekniikan harjoittelemiseen pit\u00e4\u00e4 my\u00f6s jaksaa keskitty\u00e4 kunnolla, mik\u00e4li haluaa edet\u00e4 vy\u00f6arvoissa. Kannattaa kuitenkin muistaa, ett\u00e4 jokainen etenee omalla tahdillaan.<\/p>\n<p>Kaikki uuteen vy\u00f6arvoon vaadittavat tekniikat on osattava kunnolla sek\u00e4 kaikki edellisten vy\u00f6arvojen tekniikat on osattava. Tekniikoiden l\u00e4pik\u00e4vely edellisen\u00e4 p\u00e4iv\u00e4n\u00e4 ei riit\u00e4. Vy\u00f6kokeen graduoija ja muut valvojat osaavat arvioida, kuka on harjoitellut tekniikoita pitk\u00e4j\u00e4nteisesti. Kun jokaisessa harjoituksessa harjoittelee hyv\u00e4ll\u00e4 asenteella ja pyrikii oppimaan kaiken mahdollisimman hyvin, niin vy\u00f6kokeesseen valmistautuminen on helpompaa. Erityisesti ylempi\u00e4 vy\u00f6arvoja (oranssi vy\u00f6 ja siit\u00e4 eteenp\u00e4in) yritett\u00e4ess\u00e4 tekniikoissa pit\u00e4\u00e4 olla jo voimaa sek\u00e4 tekemisen meininki\u00e4 ja asentojen tulee olla selv\u00e4sti tunnistettavissa. Ly\u00f6ntien pit\u00e4\u00e4 olla ly\u00f6ntej\u00e4 eik\u00e4 k\u00e4sien asettelua. Sama p\u00e4tee potkuihin ja kaikkiin muihinkin tekniikoihin.<\/p>\n<h5><b>Vy\u00f6koetilaisuus<\/b><\/h5>\n<p>Vy\u00f6koetilaisuuteen pit\u00e4\u00e4 ottaa mukaan puhdas ja siisti (mielell\u00e4\u00e4n silitetty) harjoittelupuku, oma vy\u00f6, paljon reipasta mielt\u00e4 sek\u00e4 junioripassi, mist\u00e4 l\u00f6ytyy opettajan merkint\u00e4 vy\u00f6koeluvasta. Vy\u00f6koemaksua varten tulee varata mielell\u00e4\u00e4n tasaraha (15 \u20ac uusi vy\u00f6arvo &#8211; hinnat vuodelle 2014). Seuran j\u00e4sen- ja harjoittelumaksut kuluvalta kaudelta tulee olla suoritettuna. Vy\u00f6koetilaisuuteen tulee my\u00f6s saapua ajoissa, sill\u00e4 my\u00f6h\u00e4ss\u00e4 kokeeseen ei p\u00e4\u00e4se.<\/p>\n<p>Vanhemmat, sisarukset ja muut sukulaiset saavat tulla katsomaan vy\u00f6koetta. Odotustila on kuitenkin sen verran pieni, ettei kaikkia kavereita voi tuoda mukaan. Ohjeiden antaminen, vilkutteleminen ja kaikenlainen kommunikointi vy\u00f6kokelaan kanssa vy\u00f6kokeen suorittamisen aikana on kielletty. Valo- ja videokuvaaminen vy\u00f6kokeen aikana on my\u00f6s kielletty\u00e4 kuten treenienkin aikana. Kaikenlainen muukin h\u00e4iritsev\u00e4 toiminta pit\u00e4\u00e4 j\u00e4tt\u00e4\u00e4 dojon ulkopuolelle, esim. puhelimet t\u00e4ytyy pit\u00e4\u00e4 \u00e4\u00e4nett\u00f6m\u00e4ll\u00e4, puhelut pit\u00e4\u00e4 hoitaa dojon ulkopuolella ja ev\u00e4iden sy\u00f6minen on kielletty\u00e4. Vy\u00f6kokeen valvojilla on oikeus poistaa tiloista kaikki h\u00e4iritsev\u00e4sti k\u00e4ytt\u00e4ytyv\u00e4t henkil\u00f6t, jotka huomautuksesta huolimatta jatkavat vy\u00f6kokeen h\u00e4iritsemist\u00e4.<\/p>\n<p>Mainittujen ohjeiden ja s\u00e4\u00e4nt\u00f6jen avulla pyrimme pit\u00e4m\u00e4\u00e4n vy\u00f6kokeet rauhallisina ja arvokkaina tilaisuuksina, jotka toimivat hyv\u00e4n\u00e4 opetuskokemuksena junioreille. Edelt\u00e4 k\u00e4sin tapahtuva reipas ja laadukas harjoittelu takaa sen, ett\u00e4 juniorin vy\u00f6kokeen suorittamisvarmuus kasvaa, ja tilaisuus j\u00e4\u00e4 muistoihin miellytt\u00e4v\u00e4n\u00e4 kokemuksena.<\/p>\n","protected":false},"excerpt":{"rendered":"<p>Vy\u00f6kokeet Yleist\u00e4 vy\u00f6kokeista: Vy\u00f6kokeeseen harjoittelijan tarvitsee saada aina kirjallinen lupa opettajalta ennen vy\u00f6kokeeseen p\u00e4\u00e4sy\u00e4. Kun harjoitusmerkint\u00f6jen m\u00e4\u00e4r\u00e4 alkaa l\u00e4hesty\u00e4 sit\u00e4 harjoittelum\u00e4\u00e4r\u00e4vaatimusta, jota seuraavaan vy\u00f6- tai natsa-arvoon vaaditaan, juniorin kannattaa k\u00e4yd\u00e4 juttelemassa oman opettajan kanssa siit\u00e4, millaiset mahdollisuudet olisi p\u00e4\u00e4st\u00e4 seuraavaan vy\u00f6kokeeseen. N\u00e4in junioriohjaajalla on mahdollisuus tarvittaessa jopa useammankin treenin aikana [&hellip;]<\/p>\n","protected":false},"author":7,"featured_media":0,"parent":74,"menu_order":1,"comment_status":"closed","ping_status":"open","template":"","meta":{"ngg_post_thumbnail":0,"footnotes":""},"class_list":["post-237","page","type-page","status-publish","hentry"],"_links":{"self":[{"href":"https:\/\/www.musokai.fi\/httpdocs\/WP\/index.php?rest_route=\/wp\/v2\/pages\/237","targetHints":{"allow":["GET"]}}],"collection":[{"href":"https:\/\/www.musokai.fi\/httpdocs\/WP\/index.php?rest_route=\/wp\/v2\/pages"}],"about":[{"href":"https:\/\/www.musokai.fi\/httpdocs\/WP\/index.php?rest_route=\/wp\/v2\/types\/page"}],"author":[{"embeddable":true,"href":"https:\/\/www.musokai.fi\/httpdocs\/WP\/index.php?rest_route=\/wp\/v2\/users\/7"}],"replies":[{"embeddable":true,"href":"https:\/\/www.musokai.fi\/httpdocs\/WP\/index.php?rest_route=%2Fwp%2Fv2%2Fcomments&post=237"}],"version-history":[{"count":19,"href":"https:\/\/www.musokai.fi\/httpdocs\/WP\/index.php?rest_route=\/wp\/v2\/pages\/237\/revisions"}],"predecessor-version":[{"id":2961,"href":"https:\/\/www.musokai.fi\/httpdocs\/WP\/index.php?rest_route=\/wp\/v2\/pages\/237\/revisions\/2961"}],"up":[{"embeddable":true,"href":"https:\/\/www.musokai.fi\/httpdocs\/WP\/index.php?rest_route=\/wp\/v2\/pages\/74"}],"wp:attachment":[{"href":"https:\/\/www.musokai.fi\/httpdocs\/WP\/index.php?rest_route=%2Fwp%2Fv2%2Fmedia&parent=237"}],"curies":[{"name":"wp","href":"https:\/\/api.w.org\/{rel}","templated":true}]}}