{"id":376,"date":"2023-01-22T23:17:00","date_gmt":"2023-01-22T21:17:00","guid":{"rendered":"http:\/\/musokai.fi\/httpdocs\/WP\/?page_id=376"},"modified":"2023-11-12T20:29:59","modified_gmt":"2023-11-12T18:29:59","slug":"leirit","status":"publish","type":"page","link":"https:\/\/www.musokai.fi\/httpdocs\/WP\/?page_id=376","title":{"rendered":"Leirit"},"content":{"rendered":"\n<h5 class=\"wp-block-heading\">Ajankohtaiset<\/h5>\n\n\n\n<ul class=\"wp-block-list\">\n<li><a href=\"https:\/\/www.musokai.fi\/httpdocs\/WP\/?cat=4\">Leirit ja Tapahtumat<\/a><\/li>\n<\/ul>\n\n\n\n<h5 class=\"wp-block-heading\">Yleistietoa Leireist\u00e4<\/h5>\n\n\n\n<ul class=\"wp-block-list\">\n<li>Leirej\u00e4 j\u00e4rjestet\u00e4\u00e4n ymp\u00e4ri Suomea ja joka kes\u00e4 pidet\u00e4\u00e4n suuri kes\u00e4leiri, jonne saapuu harrastajia ja opettajia ymp\u00e4ri maailmaa mm. Japanista. Katso leiriaikataulut Suomen Shorinji ryu yhdistyksen sivuilta&nbsp;<a href=\"http:\/\/www.shorinjiryu.fi\/tapahtumat.htm\" target=\"_blank\" rel=\"noopener\">http:\/\/www.shorinjiryu.fi\/tapahtumat.htm<\/a>.<\/li>\n\n\n\n<li>Tavallisimmin j\u00e4rjestet\u00e4\u00e4n viikonloppuleirej\u00e4, jonne saapuu opettamaan Soshi Yuji Matsuoi. Oulussa leirej\u00e4 on j\u00e4rjestetty l\u00e4hes joka vuosi seuran historian ajan ja seura pyrkii edelleenkin j\u00e4rjest\u00e4m\u00e4\u00e4n v\u00e4hint\u00e4\u00e4n yhden leirin vuodessa. Nykyisin tavoitteena on kaksi p\u00e4\u00e4opettajan leiri\u00e4 per vuosi. Lis\u00e4ksi seuran ohjelmaan on lis\u00e4tty junnukarateleirit joita pidet\u00e4\u00e4n 2-3 kertaa vuodessa.<\/li>\n\n\n\n<li>Viikonloppuleiri (2 pv) vastaa teholtaan n. 2-3 viikon normaaliharjoittelua, joten niille kannattaa osallistua. Leirin hinta on n. 60 \u20ac, joka voi aloittelijasta tuntua kalliilta, mutta leirilt\u00e4 saama hy\u00f6ty kompensoi hinnan eritt\u00e4in hyvin tasapainoon. Aloittelijoille (5.-4.kyu) olisi hyv\u00e4 osallistua v\u00e4hint\u00e4\u00e4n 1-2 l\u00e4hialueiden leirille vuodessa. Edistyneemmilt\u00e4 harrastajilta vaaditaan v\u00e4hint\u00e4\u00e4n 3 leiri\u00e4 vuodessa.<\/li>\n\n\n\n<li>Leirill\u00e4 hiotaan perustekniikkaa sek\u00e4 harjoitellaan monipuolisia itsepuolustus sek\u00e4 asetekniikoita, sek\u00e4 monia sovellustekniikoita. Leirill\u00e4 on my\u00f6s hyv\u00e4 \u201ctarkistuttaa\u201d tekniikan oikeellisuus korkea-arvoisen opettajan johdolla. N\u00e4in kehitys on jatkuvaa eik\u00e4 tekniikkavirheit\u00e4 p\u00e4\u00e4se syntym\u00e4\u00e4n. My\u00f6skin vy\u00f6kokeita on mahdollista suorittaa leirill\u00e4. Lyhyesti voi sanoa, ett\u00e4 leireill\u00e4 syvennet\u00e4\u00e4n seuran harjoituksissa opittuja asioita ja tietenkin opitaan uutta.<\/li>\n\n\n\n<li>Leireille osallistuminen ei ole tietenk\u00e4\u00e4n pakollista, mutta suositeltavaa oman kehityksen kannalta.<\/li>\n<\/ul>\n","protected":false},"excerpt":{"rendered":"<p>Ajankohtaiset Yleistietoa Leireist\u00e4<\/p>\n","protected":false},"author":1,"featured_media":0,"parent":0,"menu_order":0,"comment_status":"closed","ping_status":"open","template":"","meta":{"ngg_post_thumbnail":0,"footnotes":""},"class_list":["post-376","page","type-page","status-publish","hentry"],"_links":{"self":[{"href":"https:\/\/www.musokai.fi\/httpdocs\/WP\/index.php?rest_route=\/wp\/v2\/pages\/376","targetHints":{"allow":["GET"]}}],"collection":[{"href":"https:\/\/www.musokai.fi\/httpdocs\/WP\/index.php?rest_route=\/wp\/v2\/pages"}],"about":[{"href":"https:\/\/www.musokai.fi\/httpdocs\/WP\/index.php?rest_route=\/wp\/v2\/types\/page"}],"author":[{"embeddable":true,"href":"https:\/\/www.musokai.fi\/httpdocs\/WP\/index.php?rest_route=\/wp\/v2\/users\/1"}],"replies":[{"embeddable":true,"href":"https:\/\/www.musokai.fi\/httpdocs\/WP\/index.php?rest_route=%2Fwp%2Fv2%2Fcomments&post=376"}],"version-history":[{"count":9,"href":"https:\/\/www.musokai.fi\/httpdocs\/WP\/index.php?rest_route=\/wp\/v2\/pages\/376\/revisions"}],"predecessor-version":[{"id":2882,"href":"https:\/\/www.musokai.fi\/httpdocs\/WP\/index.php?rest_route=\/wp\/v2\/pages\/376\/revisions\/2882"}],"wp:attachment":[{"href":"https:\/\/www.musokai.fi\/httpdocs\/WP\/index.php?rest_route=%2Fwp%2Fv2%2Fmedia&parent=376"}],"curies":[{"name":"wp","href":"https:\/\/api.w.org\/{rel}","templated":true}]}}