{"id":66,"date":"2014-01-22T11:39:13","date_gmt":"2014-01-22T09:39:13","guid":{"rendered":"http:\/\/musokai.fi\/httpdocs\/WP\/?page_id=66"},"modified":"2023-01-29T19:46:01","modified_gmt":"2023-01-29T17:46:01","slug":"kokusai-shorinjiryu-karatedo","status":"publish","type":"page","link":"https:\/\/www.musokai.fi\/httpdocs\/WP\/?page_id=66","title":{"rendered":"Kokusai Shorinjiryu Karatedo"},"content":{"rendered":"<ul>\n<li>Yksi yleisimmist\u00e4 Suomessa harjoiteltavista karaten tyylisuunnista on Shorinjiryu Karatedo. Tyyli on tullut Suomeen 1970-luvun alussa. Yhdistyksen j\u00e4senseuroissa harjoiteltavan tyylin tarkka nimi on K<a href=\"https:\/\/fi.wikipedia.org\/wiki\/Kokusai_Shorinjiryu_Karatedo\" target=\"_blank\" rel=\"noopener\">okusai Shorinjiryu Karatedo<\/a>. Tyylin perustaja ja p\u00e4\u00e4opettaja on <a href=\"http:\/\/www.eishinryu.fi\/opettajat_matsuoi.html\" target=\"_blank\" rel=\"noopener\">Soshi Matsuoi<\/a> 8.dan hanshi.<\/li>\n<li>Shorinjiryu Karaten erottaa muista tyylisuunnista py\u00f6riv\u00e4t tekniikat, potkupainotteisuus sek\u00e4 runsas hyppypotkujen ja -ly\u00f6ntien k\u00e4ytt\u00f6. Lis\u00e4ksi tyylille on ominaista vartalov\u00e4ist\u00f6t torjuntojen yhteydess\u00e4. Tyylin asennot ovat moneen muuhun japanilaiseen tyyliin verrattuna melko pystyj\u00e4 ja kapeita.<\/li>\n<li>Kokusai Shorinjiryu Karatedo on monipuolinen ja kokonaisvaltainen taistelutaito joka pit\u00e4\u00e4 sis\u00e4ll\u00e4\u00e4n niin aseettomaan kuin aseellisen harjoittelun. Lis\u00e4tiedot:&nbsp; <a href=\"https:\/\/www.shorinjiryu.fi\">www.shorinjiryu.fi<\/a>,&nbsp;<a href=\"https:\/\/fi.wikipedia.org\/wiki\/Kokusai_Shorinjiryu_Karatedo\">https:\/\/fi.wikipedia.org\/wiki\/Kokusai_Shorinjiryu_Karatedo<\/a><\/li>\n<\/ul>\n<p><img loading=\"lazy\" decoding=\"async\" src=\"https:\/\/www.musokai.fi\/httpdocs\/WP\/wp-content\/uploads\/2019\/01\/logokokusai.gif\" alt=\"\" width=\"273\" height=\"273\" class=\"size-full wp-image-1749 aligncenter\"><\/p>\n<h3>Kokusai Shorinjiryu Karatedo katojen juuret<\/h3>\n<h4>Kata ja sukupuu<\/h4>\n<ul>\n<li><strong>Kihon katat 1-4<\/strong><\/li>\n<\/ul>\n<ol>\n<li>Chi no kata &nbsp; &nbsp; &nbsp; &nbsp; &nbsp; &nbsp; &nbsp; &nbsp; &nbsp; &nbsp;<span style=\"color: #333333;\"><strong><a style=\"color: #333333;\" href=\"http:\/\/www.eishinryu.fi\/opettajat_matsuoi.html\" target=\"_blank\" rel=\"noopener\">Soshi Matsuoi<\/a><\/strong><\/span><\/li>\n<li>Kuu no kata&nbsp;&nbsp;&nbsp;&nbsp;&nbsp;&nbsp;&nbsp;&nbsp;&nbsp;&nbsp;&nbsp;&nbsp;&nbsp;&nbsp;&nbsp;&nbsp;&nbsp;&nbsp; <span style=\"color: #333333;\"><strong>Soshi Matsuoi<\/strong><\/span><\/li>\n<li>Ten no kata&nbsp;&nbsp;&nbsp;&nbsp;&nbsp;&nbsp;&nbsp;&nbsp;&nbsp;&nbsp;&nbsp;&nbsp;&nbsp;&nbsp;&nbsp;&nbsp;&nbsp;&nbsp;&nbsp; <span style=\"color: #333333;\"><strong>Soshi Matsuoi<\/strong><\/span><\/li>\n<li>Shuto no kata&nbsp;&nbsp;&nbsp;&nbsp;&nbsp;&nbsp;&nbsp;&nbsp;&nbsp;&nbsp;&nbsp;&nbsp;&nbsp;&nbsp;&nbsp;<span style=\"color: #333333;\"> <strong>Soshi Matsuoi<\/strong><\/span><\/li>\n<\/ol>\n<ul>\n<li><strong>Pinan katat 1 &#8211; 5&nbsp;<\/strong>( Kobayashi Shorinryu ) <span style=\"color: #333333;\"><strong>Ikubo Motomu<\/strong><\/span> ( 1938 &#8211;&nbsp;&nbsp; )<\/li>\n<li><strong>Naifanchi katat 1 &#8211; 3<\/strong> &nbsp; &nbsp; &nbsp; &nbsp; &nbsp;<span style=\"color: #333333;\"><strong>Ikubo Motomu<\/strong><\/span> (1938 &#8211;&nbsp;&nbsp; )<\/li>\n<li><strong>Wanshu<\/strong>&nbsp;&nbsp;&nbsp;&nbsp;&nbsp;&nbsp;&nbsp;&nbsp;&nbsp;&nbsp;&nbsp;&nbsp;&nbsp;&nbsp;&nbsp;&nbsp;&nbsp;&nbsp;&nbsp;&nbsp; <span style=\"color: #333333;\"><strong>Maeda Peichin<\/strong><\/span><\/li>\n<li><strong>Ananku &nbsp;<\/strong> &nbsp; &nbsp; &nbsp; &nbsp; &nbsp; &nbsp; &nbsp; &nbsp; &nbsp; <strong>&nbsp;<span style=\"color: #333333;\"><a style=\"color: #333333;\" href=\"https:\/\/en.wikipedia.org\/wiki\/Ch%C5%8Dtoku_Kyan\" target=\"_blank\" rel=\"noopener\">Kyan Chotoku<\/a>&nbsp;&nbsp;&nbsp;<\/span>&nbsp;<\/strong>&nbsp;&nbsp;&nbsp;&nbsp;&nbsp;&nbsp;&nbsp;&nbsp;&nbsp; ( 1870 &#8211; 1945 )<\/li>\n<li><strong>Seisan&nbsp;&nbsp;<\/strong>&nbsp;&nbsp;&nbsp;&nbsp;&nbsp;&nbsp;&nbsp;&nbsp;&nbsp;&nbsp;&nbsp;&nbsp;&nbsp;&nbsp;&nbsp;&nbsp;&nbsp;&nbsp;&nbsp;&nbsp;&nbsp;&nbsp;<strong><span style=\"color: #333333;\"> <a style=\"color: #333333;\" href=\"https:\/\/en.wikipedia.org\/wiki\/Matsumura_S%C5%8Dkon\" target=\"_blank\" rel=\"noopener\">Matsumura Sokon<\/a><\/span>&nbsp;&nbsp;&nbsp;<\/strong>&nbsp;&nbsp;&nbsp; ( 1797 &#8211; 1889 )<\/li>\n<li><strong>Gojusshiho&nbsp;<\/strong>&nbsp;&nbsp;&nbsp;&nbsp;&nbsp;&nbsp;&nbsp;&nbsp;&nbsp;&nbsp;&nbsp;&nbsp;&nbsp; <strong><span style=\"color: #333333;\"><a style=\"color: #333333;\" href=\"https:\/\/en.wikipedia.org\/wiki\/Matsumura_S%C5%8Dkon\" target=\"_blank\" rel=\"noopener\">Matsumura Sokon<\/a><\/span>&nbsp;<\/strong>&nbsp;&nbsp;&nbsp;&nbsp;&nbsp; ( 1797 &#8211; 1889 )<\/li>\n<li><strong>Bassai&nbsp;&nbsp;<\/strong>&nbsp;&nbsp;&nbsp;&nbsp;&nbsp;&nbsp;&nbsp;&nbsp;&nbsp;&nbsp;&nbsp;&nbsp;&nbsp;&nbsp;&nbsp;&nbsp;&nbsp;&nbsp;&nbsp;&nbsp;&nbsp;&nbsp; <a href=\"https:\/\/en.wikipedia.org\/wiki\/Kokan_Oyadomari\" target=\"_blank\" rel=\"noopener\"><span style=\"color: #333333;\"><strong>Oyadomari Kokan<\/strong><\/span>&nbsp;<\/a>&nbsp;&nbsp;&nbsp;&nbsp;&nbsp; ( 1831 &#8211; 1905 )<\/li>\n<li><strong>Chinto&nbsp;<\/strong>&nbsp;&nbsp;&nbsp;&nbsp;&nbsp;&nbsp;&nbsp;&nbsp;&nbsp;&nbsp;&nbsp;&nbsp;&nbsp;&nbsp;&nbsp;&nbsp;&nbsp;&nbsp;&nbsp;&nbsp;&nbsp;&nbsp; <span style=\"color: #333333;\"><strong><a style=\"color: #333333;\" href=\"https:\/\/en.wikipedia.org\/wiki\/K%C5%8Dsaku_Matsumora\" target=\"_blank\" rel=\"noopener\">Matsumora Kosaku<\/a><\/strong>&nbsp;<\/span>&nbsp;&nbsp; ( 1829 &#8211; 1898 )<\/li>\n<li><strong>Kushanku&nbsp;<\/strong>&nbsp;&nbsp;&nbsp;&nbsp;&nbsp;&nbsp;&nbsp;&nbsp;&nbsp;&nbsp;&nbsp;&nbsp;&nbsp;&nbsp;&nbsp; <span style=\"color: #333333;\"><strong>Yara Oyakata<\/strong><\/span>&nbsp;&nbsp;&nbsp;&nbsp;&nbsp;&nbsp;&nbsp;&nbsp;&nbsp;&nbsp;&nbsp;&nbsp;&nbsp;&nbsp;&nbsp;&nbsp; ( 1831 &#8211; 1905 )<\/li>\n<li><strong>Tokumine no kun<\/strong>&nbsp; &nbsp;<span style=\"color: #333333;\"><strong>Tokumine Peichin<\/strong><\/span><\/li>\n<\/ul>\n","protected":false},"excerpt":{"rendered":"<p>Yksi yleisimmist\u00e4 Suomessa harjoiteltavista karaten tyylisuunnista on Shorinjiryu Karatedo. Tyyli on tullut Suomeen 1970-luvun alussa. Yhdistyksen j\u00e4senseuroissa harjoiteltavan tyylin tarkka nimi on Kokusai Shorinjiryu Karatedo. Tyylin perustaja ja p\u00e4\u00e4opettaja on Soshi Matsuoi 8.dan hanshi. Shorinjiryu Karaten erottaa muista tyylisuunnista py\u00f6riv\u00e4t tekniikat, potkupainotteisuus sek\u00e4 runsas hyppypotkujen ja -ly\u00f6ntien k\u00e4ytt\u00f6. Lis\u00e4ksi tyylille [&hellip;]<\/p>\n","protected":false},"author":1,"featured_media":0,"parent":28,"menu_order":0,"comment_status":"closed","ping_status":"open","template":"","meta":{"ngg_post_thumbnail":0,"footnotes":""},"class_list":["post-66","page","type-page","status-publish","hentry"],"_links":{"self":[{"href":"https:\/\/www.musokai.fi\/httpdocs\/WP\/index.php?rest_route=\/wp\/v2\/pages\/66","targetHints":{"allow":["GET"]}}],"collection":[{"href":"https:\/\/www.musokai.fi\/httpdocs\/WP\/index.php?rest_route=\/wp\/v2\/pages"}],"about":[{"href":"https:\/\/www.musokai.fi\/httpdocs\/WP\/index.php?rest_route=\/wp\/v2\/types\/page"}],"author":[{"embeddable":true,"href":"https:\/\/www.musokai.fi\/httpdocs\/WP\/index.php?rest_route=\/wp\/v2\/users\/1"}],"replies":[{"embeddable":true,"href":"https:\/\/www.musokai.fi\/httpdocs\/WP\/index.php?rest_route=%2Fwp%2Fv2%2Fcomments&post=66"}],"version-history":[{"count":12,"href":"https:\/\/www.musokai.fi\/httpdocs\/WP\/index.php?rest_route=\/wp\/v2\/pages\/66\/revisions"}],"predecessor-version":[{"id":2592,"href":"https:\/\/www.musokai.fi\/httpdocs\/WP\/index.php?rest_route=\/wp\/v2\/pages\/66\/revisions\/2592"}],"up":[{"embeddable":true,"href":"https:\/\/www.musokai.fi\/httpdocs\/WP\/index.php?rest_route=\/wp\/v2\/pages\/28"}],"wp:attachment":[{"href":"https:\/\/www.musokai.fi\/httpdocs\/WP\/index.php?rest_route=%2Fwp%2Fv2%2Fmedia&parent=66"}],"curies":[{"name":"wp","href":"https:\/\/api.w.org\/{rel}","templated":true}]}}