{"id":68,"date":"2014-01-22T11:40:42","date_gmt":"2014-01-22T09:40:42","guid":{"rendered":"http:\/\/musokai.fi\/httpdocs\/WP\/?page_id=68"},"modified":"2023-01-29T19:45:22","modified_gmt":"2023-01-29T17:45:22","slug":"koryu-bujutsu-mugenryu-heiho","status":"publish","type":"page","link":"https:\/\/www.musokai.fi\/httpdocs\/WP\/?page_id=68","title":{"rendered":"Koryu bujutsu Mugenryu heiho"},"content":{"rendered":"<h2>Mugen ryu Heiho<img decoding=\"async\" src=\"https:\/\/www.kamppailusali.fi\/kuvat\/logot\/mgh.2013-02-12.png\" alt=\"\"><\/h2>\n<p>Mugen ryu Heiho (<i>mugendu<\/i>= \u00e4\u00e4ret\u00f6n, <i>ryu<\/i>=koulukunta, <i>heiho<\/i>= taktiikka, tekniikka) on soshi Matsuoin vuonna 2008 perustama taistelulaji. Se pohjautuu soshin n. 40 vuoden budotaitojen tutkimiseen. Tekniikka painottaa k\u00e4yt\u00e4nn\u00f6llisyytt\u00e4 tositilanteessa ja kehon k\u00e4ytt\u00f6\u00e4 aseena. Harjoitukset antavat valmiudet itsepuolustukseen ja vastahy\u00f6kk\u00e4ykseen. Tekniikkoihin kuuluvat jujutsu-lukot, heitot, potkut, ly\u00f6nnit ja sidonnat, miekkataito sek\u00e4 veitsen, naginatan ja tanbo-keppien k\u00e4sittely.Paitsi fyysisesti, laji kehitt\u00e4\u00e4 harjoittelijaa my\u00f6s henkisesti. Pyrkimyksen\u00e4 on sielun ja hengen puhdistaminen. Perinteisess\u00e4 samuraiopissa vaalittuja arvoja ovat rohkeus, kunnioitus, perheen auttaminen ja sympatian osoittaminen. N\u00e4in oma sielu puhdistuu ja voi luottavaisin mielin k\u00e4yd\u00e4 taisteluun, joka p\u00e4\u00e4ttyy ehk\u00e4 kuolemaan. Mugen ryu Heiho:ssa ajatellaan, ett\u00e4 itse\u00e4\u00e4n t\u00e4ytyy kehitt\u00e4\u00e4 \u00e4\u00e4rett\u00f6m\u00e4sti ja k\u00e4rsiv\u00e4llisesti ja aina on yritett\u00e4v\u00e4 rohkeasti uudelleen. Oppia voi soveltaa kaikilla el\u00e4m\u00e4nalueilla: ty\u00f6ss\u00e4, el\u00e4m\u00e4n vastoink\u00e4ymisiss\u00e4, miss\u00e4 vain. Mugen ryu Heiho kunnioittaa kaikkia tyylilajeja ja painottaa, ett\u00e4 budoharrastajien tulisi olla yst\u00e4vi\u00e4 kesken\u00e4\u00e4n. Lis\u00e4tiedot: <a href=\"https:\/\/www.genbukai.fi\">www.genbukai.fi<\/a><\/p>\n<p><img loading=\"lazy\" decoding=\"async\" src=\"https:\/\/www.musokai.fi\/httpdocs\/WP\/wp-content\/uploads\/2019\/01\/mgh.2013-02-12.png\" alt=\"\" width=\"207\" height=\"248\" class=\"wp-image-1752 aligncenter\"><\/p>\n","protected":false},"excerpt":{"rendered":"<p>Mugen ryu Heiho Mugen ryu Heiho (mugendu= \u00e4\u00e4ret\u00f6n, ryu=koulukunta, heiho= taktiikka, tekniikka) on soshi Matsuoin vuonna 2008 perustama taistelulaji. Se pohjautuu soshin n. 40 vuoden budotaitojen tutkimiseen. Tekniikka painottaa k\u00e4yt\u00e4nn\u00f6llisyytt\u00e4 tositilanteessa ja kehon k\u00e4ytt\u00f6\u00e4 aseena. Harjoitukset antavat valmiudet itsepuolustukseen ja vastahy\u00f6kk\u00e4ykseen. Tekniikkoihin kuuluvat jujutsu-lukot, heitot, potkut, ly\u00f6nnit ja sidonnat, miekkataito [&hellip;]<\/p>\n","protected":false},"author":1,"featured_media":0,"parent":28,"menu_order":0,"comment_status":"closed","ping_status":"open","template":"","meta":{"ngg_post_thumbnail":0,"footnotes":""},"class_list":["post-68","page","type-page","status-publish","hentry"],"_links":{"self":[{"href":"https:\/\/www.musokai.fi\/httpdocs\/WP\/index.php?rest_route=\/wp\/v2\/pages\/68","targetHints":{"allow":["GET"]}}],"collection":[{"href":"https:\/\/www.musokai.fi\/httpdocs\/WP\/index.php?rest_route=\/wp\/v2\/pages"}],"about":[{"href":"https:\/\/www.musokai.fi\/httpdocs\/WP\/index.php?rest_route=\/wp\/v2\/types\/page"}],"author":[{"embeddable":true,"href":"https:\/\/www.musokai.fi\/httpdocs\/WP\/index.php?rest_route=\/wp\/v2\/users\/1"}],"replies":[{"embeddable":true,"href":"https:\/\/www.musokai.fi\/httpdocs\/WP\/index.php?rest_route=%2Fwp%2Fv2%2Fcomments&post=68"}],"version-history":[{"count":8,"href":"https:\/\/www.musokai.fi\/httpdocs\/WP\/index.php?rest_route=\/wp\/v2\/pages\/68\/revisions"}],"predecessor-version":[{"id":2591,"href":"https:\/\/www.musokai.fi\/httpdocs\/WP\/index.php?rest_route=\/wp\/v2\/pages\/68\/revisions\/2591"}],"up":[{"embeddable":true,"href":"https:\/\/www.musokai.fi\/httpdocs\/WP\/index.php?rest_route=\/wp\/v2\/pages\/28"}],"wp:attachment":[{"href":"https:\/\/www.musokai.fi\/httpdocs\/WP\/index.php?rest_route=%2Fwp%2Fv2%2Fmedia&parent=68"}],"curies":[{"name":"wp","href":"https:\/\/api.w.org\/{rel}","templated":true}]}}