{"id":70,"date":"2014-01-22T11:41:08","date_gmt":"2014-01-22T09:41:08","guid":{"rendered":"http:\/\/musokai.fi\/httpdocs\/WP\/?page_id=70"},"modified":"2023-01-29T19:45:11","modified_gmt":"2023-01-29T17:45:11","slug":"muso-jikiden-eishinryu-iaiheiho","status":"publish","type":"page","link":"https:\/\/www.musokai.fi\/httpdocs\/WP\/?page_id=70","title":{"rendered":"Muso Jikiden Eishinryu Iaiheiho"},"content":{"rendered":"<h2>Muso Jikiden Eishinryu Iaiheiho<\/h2>\n<p>Iaido on vanhoihin japanilaisiin miekkailutaitoihin pohjautuva budolaji, jossa harjoitellaan japanilaisella miekalla teht\u00e4vi\u00e4 liikesarjoja: miekan vetoa, erilaisia ly\u00f6ntej\u00e4 ja miekan palautusta tuppeen. Osa harjoittelusta on yksin teht\u00e4vi\u00e4 liikesarjoja yht\u00e4 tai useampaa kuviteltua vastustajaa vastaan. Edistyneemm\u00e4t harjoittelijat harjoittelevat my\u00f6s pareittain teht\u00e4vi\u00e4 liikesarjoja ja erilaisia ly\u00f6ntiharjoituksia esim. olkinippuihin. Iaidon jokaisella liikkeell\u00e4 on yksityiskohtaisesti m\u00e4\u00e4r\u00e4tty oikea muotonsa, joka pyrit\u00e4\u00e4n saavuttamaan tinkim\u00e4tt\u00f6m\u00e4ll\u00e4 harjoittelulla. Lis\u00e4tiedot: <a href=\"https:\/\/www.eishinryu.fi\">www.eishinryu.fi<\/a><\/p>\n<p>Ohjaajan puuttumisen vuoksi emme harjoittele t\u00e4ll\u00e4 hetkell\u00e4 iaidoa.&nbsp;<\/p>\n","protected":false},"excerpt":{"rendered":"<p>Muso Jikiden Eishinryu Iaiheiho Iaido on vanhoihin japanilaisiin miekkailutaitoihin pohjautuva budolaji, jossa harjoitellaan japanilaisella miekalla teht\u00e4vi\u00e4 liikesarjoja: miekan vetoa, erilaisia ly\u00f6ntej\u00e4 ja miekan palautusta tuppeen. Osa harjoittelusta on yksin teht\u00e4vi\u00e4 liikesarjoja yht\u00e4 tai useampaa kuviteltua vastustajaa vastaan. Edistyneemm\u00e4t harjoittelijat harjoittelevat my\u00f6s pareittain teht\u00e4vi\u00e4 liikesarjoja ja erilaisia ly\u00f6ntiharjoituksia esim. olkinippuihin. Iaidon [&hellip;]<\/p>\n","protected":false},"author":1,"featured_media":0,"parent":28,"menu_order":0,"comment_status":"closed","ping_status":"open","template":"","meta":{"ngg_post_thumbnail":0,"footnotes":""},"class_list":["post-70","page","type-page","status-publish","hentry"],"_links":{"self":[{"href":"https:\/\/www.musokai.fi\/httpdocs\/WP\/index.php?rest_route=\/wp\/v2\/pages\/70","targetHints":{"allow":["GET"]}}],"collection":[{"href":"https:\/\/www.musokai.fi\/httpdocs\/WP\/index.php?rest_route=\/wp\/v2\/pages"}],"about":[{"href":"https:\/\/www.musokai.fi\/httpdocs\/WP\/index.php?rest_route=\/wp\/v2\/types\/page"}],"author":[{"embeddable":true,"href":"https:\/\/www.musokai.fi\/httpdocs\/WP\/index.php?rest_route=\/wp\/v2\/users\/1"}],"replies":[{"embeddable":true,"href":"https:\/\/www.musokai.fi\/httpdocs\/WP\/index.php?rest_route=%2Fwp%2Fv2%2Fcomments&post=70"}],"version-history":[{"count":8,"href":"https:\/\/www.musokai.fi\/httpdocs\/WP\/index.php?rest_route=\/wp\/v2\/pages\/70\/revisions"}],"predecessor-version":[{"id":2590,"href":"https:\/\/www.musokai.fi\/httpdocs\/WP\/index.php?rest_route=\/wp\/v2\/pages\/70\/revisions\/2590"}],"up":[{"embeddable":true,"href":"https:\/\/www.musokai.fi\/httpdocs\/WP\/index.php?rest_route=\/wp\/v2\/pages\/28"}],"wp:attachment":[{"href":"https:\/\/www.musokai.fi\/httpdocs\/WP\/index.php?rest_route=%2Fwp%2Fv2%2Fmedia&parent=70"}],"curies":[{"name":"wp","href":"https:\/\/api.w.org\/{rel}","templated":true}]}}