{"id":72,"date":"2014-01-22T11:41:29","date_gmt":"2014-01-22T09:41:29","guid":{"rendered":"http:\/\/musokai.fi\/httpdocs\/WP\/?page_id=72"},"modified":"2023-01-29T19:44:37","modified_gmt":"2023-01-29T17:44:37","slug":"shorinjiryu-ryukyu-kobujutsu","status":"publish","type":"page","link":"https:\/\/www.musokai.fi\/httpdocs\/WP\/?page_id=72","title":{"rendered":"Shorinjiryu Ryukyu Kobujutsu"},"content":{"rendered":"<h2>Shorinjiryu Ryukyu Kobujutsu<img loading=\"lazy\" decoding=\"async\" src=\"https:\/\/www.kamppailusali.fi\/kuvat\/logot\/lohikaarme.2013-02-12.png\" alt=\"\" width=\"139\" height=\"140\"><\/h2>\n<p>Shorinji ryu -tyyliss\u00e4 harjoitellaan kobudo-aseiden k\u00e4ytt\u00f6\u00e4 ja t\u00e4h\u00e4n liittyen asekatoja.Suomessa harjoiteltava kobudo on Matsuoi-sensein luoma versio, Shorinjiryu Ryukyu Kobujutsu.Tyyli perustuu vanhojen ase-katojen tekniikoiden analyysiin ja synteesiin. Suurin ero moniin muihin kobudo-tyyleihin verrattuna on se, ett\u00e4 vastustajan oletetaan aseistautuneen l\u00e4hes aina ter\u00e4v\u00e4ll\u00e4 miekalla (harjoittelussa k\u00e4ytet\u00e4\u00e4 luonnollisesti bokkenia, puumiekkaa).Lis\u00e4tiedot: <a href=\"http:\/\/www.shorinjiryu.fi\">www.shorinjiryu.fi<\/a><\/p>\n","protected":false},"excerpt":{"rendered":"<p>Shorinjiryu Ryukyu Kobujutsu Shorinji ryu -tyyliss\u00e4 harjoitellaan kobudo-aseiden k\u00e4ytt\u00f6\u00e4 ja t\u00e4h\u00e4n liittyen asekatoja.Suomessa harjoiteltava kobudo on Matsuoi-sensein luoma versio, Shorinjiryu Ryukyu Kobujutsu.Tyyli perustuu vanhojen ase-katojen tekniikoiden analyysiin ja synteesiin. Suurin ero moniin muihin kobudo-tyyleihin verrattuna on se, ett\u00e4 vastustajan oletetaan aseistautuneen l\u00e4hes aina ter\u00e4v\u00e4ll\u00e4 miekalla (harjoittelussa k\u00e4ytet\u00e4\u00e4 luonnollisesti bokkenia, puumiekkaa).Lis\u00e4tiedot: [&hellip;]<\/p>\n","protected":false},"author":1,"featured_media":0,"parent":28,"menu_order":0,"comment_status":"closed","ping_status":"open","template":"","meta":{"ngg_post_thumbnail":0,"footnotes":""},"class_list":["post-72","page","type-page","status-publish","hentry"],"_links":{"self":[{"href":"https:\/\/www.musokai.fi\/httpdocs\/WP\/index.php?rest_route=\/wp\/v2\/pages\/72","targetHints":{"allow":["GET"]}}],"collection":[{"href":"https:\/\/www.musokai.fi\/httpdocs\/WP\/index.php?rest_route=\/wp\/v2\/pages"}],"about":[{"href":"https:\/\/www.musokai.fi\/httpdocs\/WP\/index.php?rest_route=\/wp\/v2\/types\/page"}],"author":[{"embeddable":true,"href":"https:\/\/www.musokai.fi\/httpdocs\/WP\/index.php?rest_route=\/wp\/v2\/users\/1"}],"replies":[{"embeddable":true,"href":"https:\/\/www.musokai.fi\/httpdocs\/WP\/index.php?rest_route=%2Fwp%2Fv2%2Fcomments&post=72"}],"version-history":[{"count":11,"href":"https:\/\/www.musokai.fi\/httpdocs\/WP\/index.php?rest_route=\/wp\/v2\/pages\/72\/revisions"}],"predecessor-version":[{"id":2588,"href":"https:\/\/www.musokai.fi\/httpdocs\/WP\/index.php?rest_route=\/wp\/v2\/pages\/72\/revisions\/2588"}],"up":[{"embeddable":true,"href":"https:\/\/www.musokai.fi\/httpdocs\/WP\/index.php?rest_route=\/wp\/v2\/pages\/28"}],"wp:attachment":[{"href":"https:\/\/www.musokai.fi\/httpdocs\/WP\/index.php?rest_route=%2Fwp%2Fv2%2Fmedia&parent=72"}],"curies":[{"name":"wp","href":"https:\/\/api.w.org\/{rel}","templated":true}]}}